{"id":7110,"date":"2018-03-14T10:34:18","date_gmt":"2018-03-14T10:34:18","guid":{"rendered":"https:\/\/tracoacoriano.com\/portefolio-arquitetura-moderna\/"},"modified":"2022-12-12T15:54:47","modified_gmt":"2022-12-12T15:54:47","slug":"portafoglio","status":"publish","type":"page","link":"https:\/\/tracoacoriano.com\/it\/portafoglio\/","title":{"rendered":"Portafoglio"},"content":{"rendered":"<p>[vc_row full_width=&#8221;stretch_row&#8221; desctop_pt=&#8221;padding-lg-110t&#8221; desctop_pb=&#8221;padding-lg-110b&#8221; tablets_pt=&#8221;padding-sm-70t&#8221; tablets_pb=&#8221;padding-sm-70b&#8221; css=&#8221;.vc_custom_1521484799626{background-color: #eef1f2 !important;}&#8221;][vc_column css=&#8221;.vc_custom_1521484806062{padding-top: 0px !important;}&#8221;][vc_basic_grid post_type=&#8221;projects&#8221; max_items=&#8221;-1&#8243; style=&#8221;load-more&#8221; items_per_page=&#8221;3&#8243; item=&#8221;6022&#8243; btn_title=&#8221;Carregar mais&#8221; btn_style=&#8221;classic&#8221; btn_shape=&#8221;square&#8221; btn_color=&#8221;white&#8221; btn_align=&#8221;center&#8221; grid_id=&#8221;vc_gid:1665141438119-c4b66d38-0344-2&#8243; el_class=&#8221;tracoacoriano-portefolio-custom-post-grid&#8221; btn_el_id=&#8221;portefolio-list-load-more-button&#8221;][\/vc_column][\/vc_row]<\/p>\n","protected":false},"excerpt":{"rendered":"<p>[vc_row full_width=&#8221;stretch_row&#8221; desctop_pt=&#8221;padding-lg-110t&#8221; desctop_pb=&#8221;padding-lg-110b&#8221; tablets_pt=&#8221;padding-sm-70t&#8221; tablets_pb=&#8221;padding-sm-70b&#8221; css=&#8221;.vc_custom_1521484799626{background-color: #eef1f2 !important;}&#8221;][vc_column css=&#8221;.vc_custom_1521484806062{padding-top: 0px !important;}&#8221;][vc_basic_grid post_type=&#8221;projects&#8221; max_items=&#8221;-1&#8243; style=&#8221;load-more&#8221; items_per_page=&#8221;3&#8243; item=&#8221;6022&#8243; btn_title=&#8221;Carregar mais&#8221; btn_style=&#8221;classic&#8221;&#8230;<\/p>\n","protected":false},"author":1,"featured_media":6970,"parent":0,"menu_order":0,"comment_status":"closed","ping_status":"closed","template":"","meta":[],"acf":[],"yoast_head":"<!-- This site is optimized with the Yoast SEO plugin v18.4.1 - https:\/\/yoast.com\/wordpress\/plugins\/seo\/ -->\n<title>Arquitetura Moderna | Descobre Tudo no Nosso Portef\u00f3lio!<\/title>\n<meta name=\"description\" content=\"Quantas vezes j\u00e1 n\u00e3o sonhou com uma casa com uma arquitetura moderna, perfeita para as suas necessidades? Veja o nosso portf\u00f3lio.\" \/>\n<meta name=\"robots\" content=\"index, follow, max-snippet:-1, max-image-preview:large, max-video-preview:-1\" \/>\n<link rel=\"canonical\" href=\"https:\/\/tracoacoriano.com\/it\/portafoglio\/\" \/>\n<meta property=\"og:locale\" content=\"it_IT\" \/>\n<meta property=\"og:type\" content=\"article\" \/>\n<meta property=\"og:title\" content=\"Arquitetura Moderna | Descobre Tudo no Nosso Portef\u00f3lio!\" \/>\n<meta property=\"og:description\" content=\"Quantas vezes j\u00e1 n\u00e3o sonhou com uma casa com uma arquitetura moderna, perfeita para as suas necessidades? Veja o nosso portf\u00f3lio.\" \/>\n<meta property=\"og:url\" content=\"https:\/\/tracoacoriano.com\/it\/portafoglio\/\" \/>\n<meta property=\"og:site_name\" content=\"Tra\u00e7o A\u00e7oriano\" \/>\n<meta property=\"article:modified_time\" content=\"2022-12-12T15:54:47+00:00\" \/>\n<meta property=\"og:image\" content=\"https:\/\/tracoacoriano.com\/wp-content\/uploads\/2022\/10\/DSC06910-scaled.jpg\" \/>\n\t<meta property=\"og:image:width\" content=\"2560\" \/>\n\t<meta property=\"og:image:height\" content=\"1706\" \/>\n\t<meta property=\"og:image:type\" content=\"image\/jpeg\" \/>\n<meta name=\"twitter:card\" content=\"summary_large_image\" \/>\n<script type=\"application\/ld+json\" class=\"yoast-schema-graph\">{\"@context\":\"https:\/\/schema.org\",\"@graph\":[{\"@type\":\"WebSite\",\"@id\":\"https:\/\/tracoacoriano.com\/#website\",\"url\":\"https:\/\/tracoacoriano.com\/\",\"name\":\"Tra\u00e7o A\u00e7oriano\",\"description\":\"\",\"potentialAction\":[{\"@type\":\"SearchAction\",\"target\":{\"@type\":\"EntryPoint\",\"urlTemplate\":\"https:\/\/tracoacoriano.com\/?s={search_term_string}\"},\"query-input\":\"required name=search_term_string\"}],\"inLanguage\":\"it-IT\"},{\"@type\":\"ImageObject\",\"@id\":\"https:\/\/tracoacoriano.com\/it\/portafoglio\/#primaryimage\",\"inLanguage\":\"it-IT\",\"url\":\"https:\/\/tracoacoriano.com\/wp-content\/uploads\/2022\/10\/DSC06910-scaled.jpg\",\"contentUrl\":\"https:\/\/tracoacoriano.com\/wp-content\/uploads\/2022\/10\/DSC06910-scaled.jpg\",\"width\":2560,\"height\":1706},{\"@type\":\"WebPage\",\"@id\":\"https:\/\/tracoacoriano.com\/it\/portafoglio\/#webpage\",\"url\":\"https:\/\/tracoacoriano.com\/it\/portafoglio\/\",\"name\":\"Arquitetura Moderna | Descobre Tudo no Nosso Portef\u00f3lio!\",\"isPartOf\":{\"@id\":\"https:\/\/tracoacoriano.com\/#website\"},\"primaryImageOfPage\":{\"@id\":\"https:\/\/tracoacoriano.com\/it\/portafoglio\/#primaryimage\"},\"datePublished\":\"2018-03-14T10:34:18+00:00\",\"dateModified\":\"2022-12-12T15:54:47+00:00\",\"description\":\"Quantas vezes j\u00e1 n\u00e3o sonhou com uma casa com uma arquitetura moderna, perfeita para as suas necessidades? Veja o nosso portf\u00f3lio.\",\"breadcrumb\":{\"@id\":\"https:\/\/tracoacoriano.com\/it\/portafoglio\/#breadcrumb\"},\"inLanguage\":\"it-IT\",\"potentialAction\":[{\"@type\":\"ReadAction\",\"target\":[\"https:\/\/tracoacoriano.com\/it\/portafoglio\/\"]}]},{\"@type\":\"BreadcrumbList\",\"@id\":\"https:\/\/tracoacoriano.com\/it\/portafoglio\/#breadcrumb\",\"itemListElement\":[{\"@type\":\"ListItem\",\"position\":1,\"name\":\"Home\",\"item\":\"https:\/\/tracoacoriano.com\/\"},{\"@type\":\"ListItem\",\"position\":2,\"name\":\"Portafoglio\"}]}]}<\/script>\n<!-- \/ Yoast SEO plugin. -->","yoast_head_json":{"title":"Arquitetura Moderna | Descobre Tudo no Nosso Portef\u00f3lio!","description":"Quantas vezes j\u00e1 n\u00e3o sonhou com uma casa com uma arquitetura moderna, perfeita para as suas necessidades? Veja o nosso portf\u00f3lio.","robots":{"index":"index","follow":"follow","max-snippet":"max-snippet:-1","max-image-preview":"max-image-preview:large","max-video-preview":"max-video-preview:-1"},"canonical":"https:\/\/tracoacoriano.com\/it\/portafoglio\/","og_locale":"it_IT","og_type":"article","og_title":"Arquitetura Moderna | Descobre Tudo no Nosso Portef\u00f3lio!","og_description":"Quantas vezes j\u00e1 n\u00e3o sonhou com uma casa com uma arquitetura moderna, perfeita para as suas necessidades? Veja o nosso portf\u00f3lio.","og_url":"https:\/\/tracoacoriano.com\/it\/portafoglio\/","og_site_name":"Tra\u00e7o A\u00e7oriano","article_modified_time":"2022-12-12T15:54:47+00:00","og_image":[{"width":2560,"height":1706,"url":"https:\/\/tracoacoriano.com\/wp-content\/uploads\/2022\/10\/DSC06910-scaled.jpg","type":"image\/jpeg"}],"twitter_card":"summary_large_image","schema":{"@context":"https:\/\/schema.org","@graph":[{"@type":"WebSite","@id":"https:\/\/tracoacoriano.com\/#website","url":"https:\/\/tracoacoriano.com\/","name":"Tra\u00e7o A\u00e7oriano","description":"","potentialAction":[{"@type":"SearchAction","target":{"@type":"EntryPoint","urlTemplate":"https:\/\/tracoacoriano.com\/?s={search_term_string}"},"query-input":"required name=search_term_string"}],"inLanguage":"it-IT"},{"@type":"ImageObject","@id":"https:\/\/tracoacoriano.com\/it\/portafoglio\/#primaryimage","inLanguage":"it-IT","url":"https:\/\/tracoacoriano.com\/wp-content\/uploads\/2022\/10\/DSC06910-scaled.jpg","contentUrl":"https:\/\/tracoacoriano.com\/wp-content\/uploads\/2022\/10\/DSC06910-scaled.jpg","width":2560,"height":1706},{"@type":"WebPage","@id":"https:\/\/tracoacoriano.com\/it\/portafoglio\/#webpage","url":"https:\/\/tracoacoriano.com\/it\/portafoglio\/","name":"Arquitetura Moderna | Descobre Tudo no Nosso Portef\u00f3lio!","isPartOf":{"@id":"https:\/\/tracoacoriano.com\/#website"},"primaryImageOfPage":{"@id":"https:\/\/tracoacoriano.com\/it\/portafoglio\/#primaryimage"},"datePublished":"2018-03-14T10:34:18+00:00","dateModified":"2022-12-12T15:54:47+00:00","description":"Quantas vezes j\u00e1 n\u00e3o sonhou com uma casa com uma arquitetura moderna, perfeita para as suas necessidades? Veja o nosso portf\u00f3lio.","breadcrumb":{"@id":"https:\/\/tracoacoriano.com\/it\/portafoglio\/#breadcrumb"},"inLanguage":"it-IT","potentialAction":[{"@type":"ReadAction","target":["https:\/\/tracoacoriano.com\/it\/portafoglio\/"]}]},{"@type":"BreadcrumbList","@id":"https:\/\/tracoacoriano.com\/it\/portafoglio\/#breadcrumb","itemListElement":[{"@type":"ListItem","position":1,"name":"Home","item":"https:\/\/tracoacoriano.com\/"},{"@type":"ListItem","position":2,"name":"Portafoglio"}]}]}},"featured_image_src":"https:\/\/tracoacoriano.com\/wp-content\/uploads\/2022\/10\/DSC06910-600x400.jpg","featured_image_src_square":"https:\/\/tracoacoriano.com\/wp-content\/uploads\/2022\/10\/DSC06910-600x600.jpg","_links":{"self":[{"href":"https:\/\/tracoacoriano.com\/it\/wp-json\/wp\/v2\/pages\/7110"}],"collection":[{"href":"https:\/\/tracoacoriano.com\/it\/wp-json\/wp\/v2\/pages"}],"about":[{"href":"https:\/\/tracoacoriano.com\/it\/wp-json\/wp\/v2\/types\/page"}],"author":[{"embeddable":true,"href":"https:\/\/tracoacoriano.com\/it\/wp-json\/wp\/v2\/users\/1"}],"replies":[{"embeddable":true,"href":"https:\/\/tracoacoriano.com\/it\/wp-json\/wp\/v2\/comments?post=7110"}],"version-history":[{"count":2,"href":"https:\/\/tracoacoriano.com\/it\/wp-json\/wp\/v2\/pages\/7110\/revisions"}],"predecessor-version":[{"id":7114,"href":"https:\/\/tracoacoriano.com\/it\/wp-json\/wp\/v2\/pages\/7110\/revisions\/7114"}],"wp:featuredmedia":[{"embeddable":true,"href":"https:\/\/tracoacoriano.com\/it\/wp-json\/wp\/v2\/media\/6970"}],"wp:attachment":[{"href":"https:\/\/tracoacoriano.com\/it\/wp-json\/wp\/v2\/media?parent=7110"}],"curies":[{"name":"wp","href":"https:\/\/api.w.org\/{rel}","templated":true}]}}