{"id":7121,"date":"2022-08-05T17:53:12","date_gmt":"2022-08-05T17:53:12","guid":{"rendered":"https:\/\/tracoacoriano.com\/sobre-nos-construcao-de-casas\/"},"modified":"2022-12-12T15:57:18","modified_gmt":"2022-12-12T15:57:18","slug":"ueber-nos","status":"publish","type":"page","link":"https:\/\/tracoacoriano.com\/de\/ueber-nos\/","title":{"rendered":"\u00dcber N\u00f3s"},"content":{"rendered":"<p>[vc_row css=&#8221;.vc_custom_1659722329708{padding-top: 0.25rem !important;padding-right: 0.5rem !important;padding-bottom: 0.25rem !important;padding-left: 0.5rem !important;background-color: #ffffff !important;}&#8221;][vc_column width=&#8221;1\/2&#8243;][vc_empty_space][vc_headings subtitle=&#8221;Sobre a&#8221; heading_size=&#8221;h4&#8243; title=&#8221;Tra\u00e7o A\u00e7oriano&#8221;]<\/p>\n<p style=\"font-weight: 400;\">A Tra\u00e7o A\u00e7oriano \u00e9 uma empresa de arquitetura, situada na ilha de S\u00e3o Jorge, nos A\u00e7ores, fundada pelo arquiteto Andr\u00e9 Rodrigues, cuja principal miss\u00e3o \u00e9 concretizar a casa de sonho com que voc\u00ea sempre idealizou. Para isto, desenvolvemos diversas parcerias, de modo a oferecer-lhe uma solu\u00e7\u00e3o chave na m\u00e3o e de acordo com a sua vis\u00e3o.<\/p>\n<p style=\"font-weight: 400;\">A Tra\u00e7o A\u00e7oriano, em conjunto com os nossos parceiros, oferece uma solu\u00e7\u00e3o completa a todos os nossos clientes, e isto inclui levantamentos topogr\u00e1ficos, legaliza\u00e7\u00e3o de constru\u00e7\u00f5es, projetos de arquitetura, projetos de especialidades, planos de pormenor, acompanhamento t\u00e9cnico, fiscaliza\u00e7\u00e3o da obra, entre muitos outros servi\u00e7os na \u00e1rea da constru\u00e7\u00e3o civil.\u00a0 Na Tra\u00e7o A\u00e7oriano damos muita import\u00e2ncia ao bem-estar dos nossos clientes, garantindo sempre que tudo \u00e9 o mais tranquilo poss\u00edvel.<\/p>\n<p style=\"font-weight: 400;\">Estamos 100% comprometidos com a nossa miss\u00e3o de entregar a cada cliente um produto final de excel\u00eancia, tal como foi idealizado, colocando sempre um pouco do nosso tra\u00e7o a\u00e7oriano, mas nunca descurando da vis\u00e3o do cliente.<\/p>\n<p style=\"font-weight: 400;\">Damos asas \u00e0 sua imagina\u00e7\u00e3o e tornamos a sua casa de sonho realidade! Pe\u00e7a-nos um or\u00e7amento gratuito e comece connosco a tra\u00e7ar em seguran\u00e7a o futuro do seu investimento!<\/p>\n<p>[\/vc_headings][vc_empty_space height=&#8221;8px&#8221;][vc_separator color=&#8221;black&#8221;][vc_headings heading_size=&#8221;h4&#8243; title=&#8221;Caracter\u00edsticas&#8221;][\/vc_headings][vc_empty_space height=&#8221;8px&#8221;][vc_row_inner][vc_column_inner width=&#8221;1\/2&#8243;][vc_address list_address=&#8221;%5B%7B%22icon%22%3A%22fas%20fa-key%22%2C%22text_type%22%3A%22text%22%2C%22simple_text%22%3A%22Rigor%20e%20Experi%C3%AAncia%22%7D%5D&#8221;][\/vc_address][vc_address list_address=&#8221;%5B%7B%22icon%22%3A%22fas%20fa-key%22%2C%22text_type%22%3A%22text%22%2C%22simple_text%22%3A%22Flexibilidade%20e%20Respeito%22%7D%5D&#8221;][\/vc_address][vc_address list_address=&#8221;%5B%7B%22icon%22%3A%22fas%20fa-key%22%2C%22text_type%22%3A%22text%22%2C%22simple_text%22%3A%22Dedica%C3%A7%C3%A3o%20e%20Aten%C3%A7%C3%A3o%20ao%20Detalhe%22%7D%5D&#8221;][\/vc_address][\/vc_column_inner][vc_column_inner width=&#8221;1\/2&#8243;][vc_address list_address=&#8221;%5B%7B%22icon%22%3A%22fas%20fa-key%22%2C%22text_type%22%3A%22text%22%2C%22simple_text%22%3A%22Criatividade%20e%20Profissionalismo%22%7D%5D&#8221;][\/vc_address][vc_address list_address=&#8221;%5B%7B%22icon%22%3A%22fas%20fa-key%22%2C%22text_type%22%3A%22text%22%2C%22simple_text%22%3A%22Efic%C3%A1cia%20e%20Sucesso%22%7D%5D&#8221;][\/vc_address][vc_address list_address=&#8221;%5B%7B%22icon%22%3A%22fas%20fa-key%22%2C%22text_type%22%3A%22text%22%2C%22simple_text%22%3A%22Seguran%C3%A7a%20e%20Comodidade%22%7D%5D&#8221;][\/vc_address][\/vc_column_inner][\/vc_row_inner][vc_empty_space][\/vc_column][vc_column width=&#8221;1\/2&#8243;][vc_column_text]<\/p>\n<div id='gallery-1' class='gallery galleryid-7121 gallery-columns-1 gallery-size-large'><figure class='gallery-item'>\n\t\t\t<div class='gallery-icon landscape'>\n\t\t\t\t<a href='https:\/\/tracoacoriano.com\/wp-content\/uploads\/2022\/10\/DSC07033-scaled.jpg'><img width=\"1024\" height=\"683\" src=\"https:\/\/tracoacoriano.com\/wp-content\/uploads\/2022\/10\/DSC07033-1024x683.jpg\" class=\"attachment-large size-large\" alt=\"\" srcset=\"https:\/\/tracoacoriano.com\/wp-content\/uploads\/2022\/10\/DSC07033-1024x683.jpg 1024w, https:\/\/tracoacoriano.com\/wp-content\/uploads\/2022\/10\/DSC07033-300x200.jpg 300w, https:\/\/tracoacoriano.com\/wp-content\/uploads\/2022\/10\/DSC07033-768x512.jpg 768w, https:\/\/tracoacoriano.com\/wp-content\/uploads\/2022\/10\/DSC07033-1536x1024.jpg 1536w, https:\/\/tracoacoriano.com\/wp-content\/uploads\/2022\/10\/DSC07033-2048x1365.jpg 2048w, https:\/\/tracoacoriano.com\/wp-content\/uploads\/2022\/10\/DSC07033-600x400.jpg 600w\" sizes=\"(max-width: 1024px) 100vw, 1024px\" \/><\/a>\n\t\t\t<\/div><\/figure><figure class='gallery-item'>\n\t\t\t<div class='gallery-icon landscape'>\n\t\t\t\t<a href='https:\/\/tracoacoriano.com\/wp-content\/uploads\/2022\/10\/DSC06713-scaled.jpg'><img width=\"1024\" height=\"683\" src=\"https:\/\/tracoacoriano.com\/wp-content\/uploads\/2022\/10\/DSC06713-1024x683.jpg\" class=\"attachment-large size-large\" alt=\"\" srcset=\"https:\/\/tracoacoriano.com\/wp-content\/uploads\/2022\/10\/DSC06713-1024x683.jpg 1024w, https:\/\/tracoacoriano.com\/wp-content\/uploads\/2022\/10\/DSC06713-300x200.jpg 300w, https:\/\/tracoacoriano.com\/wp-content\/uploads\/2022\/10\/DSC06713-768x512.jpg 768w, https:\/\/tracoacoriano.com\/wp-content\/uploads\/2022\/10\/DSC06713-1536x1024.jpg 1536w, https:\/\/tracoacoriano.com\/wp-content\/uploads\/2022\/10\/DSC06713-2048x1365.jpg 2048w, https:\/\/tracoacoriano.com\/wp-content\/uploads\/2022\/10\/DSC06713-600x400.jpg 600w\" sizes=\"(max-width: 1024px) 100vw, 1024px\" \/><\/a>\n\t\t\t<\/div><\/figure>\n\t\t<\/div>\n\n<p>[\/vc_column_text][\/vc_column][\/vc_row]<\/p>\n","protected":false},"excerpt":{"rendered":"<p>[vc_row css=&#8221;.vc_custom_1659722329708{padding-top: 0.25rem !important;padding-right: 0.5rem !important;padding-bottom: 0.25rem !important;padding-left: 0.5rem !important;background-color: #ffffff !important;}&#8221;][vc_column width=&#8221;1\/2&#8243;][vc_empty_space][vc_headings subtitle=&#8221;Sobre a&#8221; heading_size=&#8221;h4&#8243; title=&#8221;Tra\u00e7o A\u00e7oriano&#8221;] A Tra\u00e7o&#8230;<\/p>\n","protected":false},"author":1,"featured_media":6981,"parent":0,"menu_order":0,"comment_status":"closed","ping_status":"closed","template":"","meta":[],"acf":[],"yoast_head":"<!-- This site is optimized with the Yoast SEO plugin v18.4.1 - https:\/\/yoast.com\/wordpress\/plugins\/seo\/ -->\n<title>Tra\u00e7o A\u00e7oriano | Constru\u00e7\u00e3o de Casas, Arquitetura e Planeamento<\/title>\n<meta name=\"description\" content=\"A Tra\u00e7o A\u00e7oriano \u00e9 uma empresa de arquitetura nos A\u00e7ores, cuja principal miss\u00e3o \u00e9 realizar a constru\u00e7\u00e3o de casas, aptas para a sua vida!\" \/>\n<meta name=\"robots\" content=\"index, follow, max-snippet:-1, max-image-preview:large, max-video-preview:-1\" \/>\n<link rel=\"canonical\" href=\"https:\/\/tracoacoriano.com\/de\/ueber-nos\/\" \/>\n<meta property=\"og:locale\" content=\"de_DE\" \/>\n<meta property=\"og:type\" content=\"article\" \/>\n<meta property=\"og:title\" content=\"Tra\u00e7o A\u00e7oriano | Constru\u00e7\u00e3o de Casas, Arquitetura e Planeamento\" \/>\n<meta property=\"og:description\" content=\"A Tra\u00e7o A\u00e7oriano \u00e9 uma empresa de arquitetura nos A\u00e7ores, cuja principal miss\u00e3o \u00e9 realizar a constru\u00e7\u00e3o de casas, aptas para a sua vida!\" \/>\n<meta property=\"og:url\" content=\"https:\/\/tracoacoriano.com\/de\/ueber-nos\/\" \/>\n<meta property=\"og:site_name\" content=\"Tra\u00e7o A\u00e7oriano\" \/>\n<meta property=\"article:modified_time\" content=\"2022-12-12T15:57:18+00:00\" \/>\n<meta property=\"og:image\" content=\"https:\/\/tracoacoriano.com\/wp-content\/uploads\/2022\/10\/DSC06940-HDR-scaled.jpg\" \/>\n\t<meta property=\"og:image:width\" content=\"1706\" \/>\n\t<meta property=\"og:image:height\" content=\"2560\" \/>\n\t<meta property=\"og:image:type\" content=\"image\/jpeg\" \/>\n<meta name=\"twitter:card\" content=\"summary_large_image\" \/>\n<meta name=\"twitter:label1\" content=\"Gesch\u00e4tzte Lesezeit\" \/>\n\t<meta name=\"twitter:data1\" content=\"1 Minute\" \/>\n<script type=\"application\/ld+json\" class=\"yoast-schema-graph\">{\"@context\":\"https:\/\/schema.org\",\"@graph\":[{\"@type\":\"WebSite\",\"@id\":\"https:\/\/tracoacoriano.com\/#website\",\"url\":\"https:\/\/tracoacoriano.com\/\",\"name\":\"Tra\u00e7o A\u00e7oriano\",\"description\":\"\",\"potentialAction\":[{\"@type\":\"SearchAction\",\"target\":{\"@type\":\"EntryPoint\",\"urlTemplate\":\"https:\/\/tracoacoriano.com\/?s={search_term_string}\"},\"query-input\":\"required name=search_term_string\"}],\"inLanguage\":\"de-DE\"},{\"@type\":\"ImageObject\",\"@id\":\"https:\/\/tracoacoriano.com\/de\/ueber-nos\/#primaryimage\",\"inLanguage\":\"de-DE\",\"url\":\"https:\/\/tracoacoriano.com\/wp-content\/uploads\/2022\/10\/DSC06940-HDR-scaled.jpg\",\"contentUrl\":\"https:\/\/tracoacoriano.com\/wp-content\/uploads\/2022\/10\/DSC06940-HDR-scaled.jpg\",\"width\":1706,\"height\":2560},{\"@type\":\"WebPage\",\"@id\":\"https:\/\/tracoacoriano.com\/de\/ueber-nos\/#webpage\",\"url\":\"https:\/\/tracoacoriano.com\/de\/ueber-nos\/\",\"name\":\"Tra\u00e7o A\u00e7oriano | Constru\u00e7\u00e3o de Casas, Arquitetura e Planeamento\",\"isPartOf\":{\"@id\":\"https:\/\/tracoacoriano.com\/#website\"},\"primaryImageOfPage\":{\"@id\":\"https:\/\/tracoacoriano.com\/de\/ueber-nos\/#primaryimage\"},\"datePublished\":\"2022-08-05T17:53:12+00:00\",\"dateModified\":\"2022-12-12T15:57:18+00:00\",\"description\":\"A Tra\u00e7o A\u00e7oriano \u00e9 uma empresa de arquitetura nos A\u00e7ores, cuja principal miss\u00e3o \u00e9 realizar a constru\u00e7\u00e3o de casas, aptas para a sua vida!\",\"breadcrumb\":{\"@id\":\"https:\/\/tracoacoriano.com\/de\/ueber-nos\/#breadcrumb\"},\"inLanguage\":\"de-DE\",\"potentialAction\":[{\"@type\":\"ReadAction\",\"target\":[\"https:\/\/tracoacoriano.com\/de\/ueber-nos\/\"]}]},{\"@type\":\"BreadcrumbList\",\"@id\":\"https:\/\/tracoacoriano.com\/de\/ueber-nos\/#breadcrumb\",\"itemListElement\":[{\"@type\":\"ListItem\",\"position\":1,\"name\":\"Home\",\"item\":\"https:\/\/tracoacoriano.com\/\"},{\"@type\":\"ListItem\",\"position\":2,\"name\":\"\u00dcber N\u00f3s\"}]}]}<\/script>\n<!-- \/ Yoast SEO plugin. -->","yoast_head_json":{"title":"Tra\u00e7o A\u00e7oriano | Constru\u00e7\u00e3o de Casas, Arquitetura e Planeamento","description":"A Tra\u00e7o A\u00e7oriano \u00e9 uma empresa de arquitetura nos A\u00e7ores, cuja principal miss\u00e3o \u00e9 realizar a constru\u00e7\u00e3o de casas, aptas para a sua vida!","robots":{"index":"index","follow":"follow","max-snippet":"max-snippet:-1","max-image-preview":"max-image-preview:large","max-video-preview":"max-video-preview:-1"},"canonical":"https:\/\/tracoacoriano.com\/de\/ueber-nos\/","og_locale":"de_DE","og_type":"article","og_title":"Tra\u00e7o A\u00e7oriano | Constru\u00e7\u00e3o de Casas, Arquitetura e Planeamento","og_description":"A Tra\u00e7o A\u00e7oriano \u00e9 uma empresa de arquitetura nos A\u00e7ores, cuja principal miss\u00e3o \u00e9 realizar a constru\u00e7\u00e3o de casas, aptas para a sua vida!","og_url":"https:\/\/tracoacoriano.com\/de\/ueber-nos\/","og_site_name":"Tra\u00e7o A\u00e7oriano","article_modified_time":"2022-12-12T15:57:18+00:00","og_image":[{"width":1706,"height":2560,"url":"https:\/\/tracoacoriano.com\/wp-content\/uploads\/2022\/10\/DSC06940-HDR-scaled.jpg","type":"image\/jpeg"}],"twitter_card":"summary_large_image","twitter_misc":{"Gesch\u00e4tzte Lesezeit":"1 Minute"},"schema":{"@context":"https:\/\/schema.org","@graph":[{"@type":"WebSite","@id":"https:\/\/tracoacoriano.com\/#website","url":"https:\/\/tracoacoriano.com\/","name":"Tra\u00e7o A\u00e7oriano","description":"","potentialAction":[{"@type":"SearchAction","target":{"@type":"EntryPoint","urlTemplate":"https:\/\/tracoacoriano.com\/?s={search_term_string}"},"query-input":"required name=search_term_string"}],"inLanguage":"de-DE"},{"@type":"ImageObject","@id":"https:\/\/tracoacoriano.com\/de\/ueber-nos\/#primaryimage","inLanguage":"de-DE","url":"https:\/\/tracoacoriano.com\/wp-content\/uploads\/2022\/10\/DSC06940-HDR-scaled.jpg","contentUrl":"https:\/\/tracoacoriano.com\/wp-content\/uploads\/2022\/10\/DSC06940-HDR-scaled.jpg","width":1706,"height":2560},{"@type":"WebPage","@id":"https:\/\/tracoacoriano.com\/de\/ueber-nos\/#webpage","url":"https:\/\/tracoacoriano.com\/de\/ueber-nos\/","name":"Tra\u00e7o A\u00e7oriano | Constru\u00e7\u00e3o de Casas, Arquitetura e Planeamento","isPartOf":{"@id":"https:\/\/tracoacoriano.com\/#website"},"primaryImageOfPage":{"@id":"https:\/\/tracoacoriano.com\/de\/ueber-nos\/#primaryimage"},"datePublished":"2022-08-05T17:53:12+00:00","dateModified":"2022-12-12T15:57:18+00:00","description":"A Tra\u00e7o A\u00e7oriano \u00e9 uma empresa de arquitetura nos A\u00e7ores, cuja principal miss\u00e3o \u00e9 realizar a constru\u00e7\u00e3o de casas, aptas para a sua vida!","breadcrumb":{"@id":"https:\/\/tracoacoriano.com\/de\/ueber-nos\/#breadcrumb"},"inLanguage":"de-DE","potentialAction":[{"@type":"ReadAction","target":["https:\/\/tracoacoriano.com\/de\/ueber-nos\/"]}]},{"@type":"BreadcrumbList","@id":"https:\/\/tracoacoriano.com\/de\/ueber-nos\/#breadcrumb","itemListElement":[{"@type":"ListItem","position":1,"name":"Home","item":"https:\/\/tracoacoriano.com\/"},{"@type":"ListItem","position":2,"name":"\u00dcber N\u00f3s"}]}]}},"featured_image_src":"https:\/\/tracoacoriano.com\/wp-content\/uploads\/2022\/10\/DSC06940-HDR-600x400.jpg","featured_image_src_square":"https:\/\/tracoacoriano.com\/wp-content\/uploads\/2022\/10\/DSC06940-HDR-600x600.jpg","_links":{"self":[{"href":"https:\/\/tracoacoriano.com\/de\/wp-json\/wp\/v2\/pages\/7121"}],"collection":[{"href":"https:\/\/tracoacoriano.com\/de\/wp-json\/wp\/v2\/pages"}],"about":[{"href":"https:\/\/tracoacoriano.com\/de\/wp-json\/wp\/v2\/types\/page"}],"author":[{"embeddable":true,"href":"https:\/\/tracoacoriano.com\/de\/wp-json\/wp\/v2\/users\/1"}],"replies":[{"embeddable":true,"href":"https:\/\/tracoacoriano.com\/de\/wp-json\/wp\/v2\/comments?post=7121"}],"version-history":[{"count":2,"href":"https:\/\/tracoacoriano.com\/de\/wp-json\/wp\/v2\/pages\/7121\/revisions"}],"predecessor-version":[{"id":7126,"href":"https:\/\/tracoacoriano.com\/de\/wp-json\/wp\/v2\/pages\/7121\/revisions\/7126"}],"wp:featuredmedia":[{"embeddable":true,"href":"https:\/\/tracoacoriano.com\/de\/wp-json\/wp\/v2\/media\/6981"}],"wp:attachment":[{"href":"https:\/\/tracoacoriano.com\/de\/wp-json\/wp\/v2\/media?parent=7121"}],"curies":[{"name":"wp","href":"https:\/\/api.w.org\/{rel}","templated":true}]}}