{"id":7098,"date":"2017-02-01T13:12:22","date_gmt":"2017-02-01T13:12:22","guid":{"rendered":"https:\/\/tracoacoriano.com\/onepage-home\/"},"modified":"2024-07-05T10:52:44","modified_gmt":"2024-07-05T10:52:44","slug":"onepage-home","status":"publish","type":"page","link":"https:\/\/tracoacoriano.com\/de\/","title":{"rendered":"Home"},"content":{"rendered":"<p>[vc_row full_width=&#8221;stretch_row_content_no_spaces&#8221;][vc_column][vc_banner_title img=&#8221;6382&#8243; enable_fullheight=&#8221;true&#8221; enable_arrow_down=&#8221;true&#8221; columns=&#8221;%5B%7B%22text_type%22%3A%22text%22%7D%5D&#8221;][\/vc_column][\/vc_row][vc_row full_width=&#8221;stretch_row&#8221; desctop_pt=&#8221;padding-lg-110t&#8221; desctop_pb=&#8221;padding-lg-110b&#8221; tablets_pt=&#8221;padding-sm-70t&#8221; tablets_pb=&#8221;padding-sm-70b&#8221; css=&#8221;.vc_custom_1521110762737{background-color: #eef1f2 !important;}&#8221;][vc_column css=&#8221;.vc_custom_1521111594916{padding-top: 0px !important;}&#8221;][vc_row_inner equal_height=&#8221;yes&#8221; content_placement=&#8221;middle&#8221;][vc_column_inner width=&#8221;1\/2&#8243;][vc_single_image image=&#8221;6927&#8243; img_size=&#8221;large&#8221; alignment=&#8221;center&#8221; css=&#8221;.vc_custom_1665158807206{margin-bottom: 0px !important;}&#8221;][\/vc_column_inner][vc_column_inner width=&#8221;1\/2&#8243; css=&#8221;.vc_custom_1659720457916{background-color: #ffffff !important;}&#8221;][vc_headings heading_size=&#8221;h3&#8243; title=&#8221;SOBRE N\u00d3S&#8221; align=&#8221;cs-heading&#8211;center&#8221; button=&#8221;url:https%3A%2F%2Ftracoacoriano.com%2Fsobre-nos-construcao-de-casas%2F|title:SABER%20MAIS&#8221; el_class=&#8221;cs-counter__desc&#8221;]<\/p>\n<p style=\"text-align: center;\">Gabinete de Estudos e Projetos. Na Tra\u00e7o A\u00e7oriano trabalhamos de forma sensata, pr\u00e1tica e objetiva. Somos a extens\u00e3o da sua identidade; o momento para tornar os seus sonhos realidade.<\/p>\n<p>[\/vc_headings][\/vc_column_inner][\/vc_row_inner][\/vc_column][\/vc_row][vc_row full_width=&#8221;stretch_row_content_no_spaces&#8221;][vc_column css=&#8221;.vc_custom_1521113455527{padding-top: 0px !important;}&#8221;][vc_wrapper subtitle=&#8221;VEJA O NOSSO&#8221; heading_size=&#8221;h2&#8243; title=&#8221;PORTEF\u00d3LIO&#8221; title_style=&#8221;cs-heading&#8211;c-custom&#8221; image=&#8221;6394&#8243; enable_overlay=&#8221;true&#8221;][\/vc_wrapper][\/vc_column][\/vc_row][vc_row full_width=&#8221;stretch_row_content_no_spaces&#8221; desctop_pt=&#8221;padding-lg-70t&#8221; desctop_pb=&#8221;padding-lg-100b&#8221; tablets_pb=&#8221;padding-sm-70b&#8221; css=&#8221;.vc_custom_1521474702825{background-color: #eef1f2 !important;}&#8221;][vc_column css=&#8221;.vc_custom_1521472380364{padding-top: 0px !important;padding-right: 30px !important;padding-left: 30px !important;}&#8221;][vc_projects_posts templates=&#8221;masonry&#8221; post_type=&#8221;projects&#8221; total_columns=&#8221;cs-block&#8211;col4&#8243; gap_columns=&#8221;cs-block&#8211;gap15&#8243; enable_load_more=&#8221;true&#8221; filter_type=&#8221;location&#8221; filter=&#8221;enable&#8221; filter_post_option=&#8221;year&#8221; pix_filter=&#8221;year,location&#8221; posts_per_page=&#8221;16&#8243; filter_position=&#8221;content&#8221; title_filter=&#8221;SIMPLICIDADE&#8221; description_filter=&#8221;Descubra tudo aquilo de que a Tra\u00e7o A\u00e7oriano \u00e9 capaz de fazer. Somos inspirados pela natureza e por tudo o que nos oferece. Aqui caminhamos com os olhos voltados para o futuro. E queremos que fa\u00e7as parte dele.&#8221;][\/vc_column][\/vc_row][vc_row full_width=&#8221;stretch_row_content_no_spaces&#8221; css=&#8221;.vc_custom_1521113565969{padding-top: 0px !important;}&#8221;][vc_column css=&#8221;.vc_custom_1659721731670{padding-top: 0px !important;}&#8221;][vc_wrapper subtitle=&#8221;O que dizem os nossos clientes sobre a&#8221; heading_size=&#8221;h2&#8243; title=&#8221;TRA\u00c7O A\u00c7ORIANO&#8221; title_style=&#8221;cs-heading&#8211;c-custom&#8221; image=&#8221;6286&#8243; enable_overlay=&#8221;true&#8221; el_class=&#8221;custom-coca-wrapper-home-title-testimonials&#8221;][\/vc_wrapper][\/vc_column][\/vc_row][vc_row full_width=&#8221;stretch_row&#8221; desctop_pt=&#8221;padding-lg-70t&#8221; desctop_pb=&#8221;padding-lg-95b&#8221; tablets_pb=&#8221;padding-sm-55b&#8221; css=&#8221;.vc_custom_1516536298812{background-color: #eef1f2 !important;}&#8221;][vc_column css=&#8221;.vc_custom_1521113586054{padding-top: 0px !important;}&#8221;][vc_testimonials autoplay_on=&#8221;true&#8221; autoplay_delay=&#8221;3000&#8243; speed=&#8221;500&#8243; loop=&#8221;true&#8221;][vc_testimonials_items title=&#8221;Dedica\u00e7\u00e3o&#8221; description=&#8221;Obrigado \u00e0 Tra\u00e7o A\u00e7oriano por toda a sua dedica\u00e7\u00e3o!&#8221; image_person=&#8221;4073&#8243;][vc_testimonials_items title=&#8221;Aten\u00e7\u00e3o ao Detalhe&#8221; description=&#8221;Tudo ficou conforme imaginamos! N\u00e3o pod\u00edamos estar mais contentes!&#8221; image_person=&#8221;4074&#8243;][vc_testimonials_items title=&#8221;Objetivo&#8221; description=&#8221;Gra\u00e7as \u00e0 Tra\u00e7o A\u00e7oriano, temos agora a nossa casa de sonho!&#8221; image_person=&#8221;4073&#8243;][\/vc_testimonials][\/vc_column][\/vc_row][vc_row full_width=&#8221;stretch_row_content_no_spaces&#8221; desctop_pb=&#8221;padding-lg-80b&#8221; tablets_pb=&#8221;padding-sm-40b&#8221; css=&#8221;.vc_custom_1659988629788{padding-top: 0px !important;background-color: #eef1f2 !important;}&#8221;][vc_column css=&#8221;.vc_custom_1521205583011{padding-top: 0px !important;}&#8221;][vc_wrapper subtitle=&#8221;Por que deve confiar na&#8221; heading_size=&#8221;h2&#8243; title=&#8221;Tra\u00e7o A\u00e7oriano?&#8221; title_style=&#8221;cs-heading&#8211;c-custom&#8221; image=&#8221;6250&#8243; enable_overlay=&#8221;true&#8221;][\/vc_wrapper][vc_row_inner equal_height=&#8221;yes&#8221; content_placement=&#8221;middle&#8221; gap=&#8221;30&#8243; el_class=&#8221;container custom-margin-align-center tracoacoriano-home-porque-deve-confiar-item-inner-row&#8221; css=&#8221;.vc_custom_1659989655958{margin-top: -1rem !important;}&#8221;][vc_column_inner width=&#8221;1\/3&#8243; css=&#8221;.vc_custom_1659990195628{padding-top: 3rem !important;padding-right: 3rem !important;padding-bottom: 3rem !important;padding-left: 3rem !important;background-color: #ffffff !important;}&#8221;][vc_icon type=&#8221;linecons&#8221; icon_linecons=&#8221;vc_li vc_li-calendar&#8221; color=&#8221;black&#8221; size=&#8221;xl&#8221; align=&#8221;center&#8221;][vc_column_text]<\/p>\n<h6 style=\"font-weight: 400; text-align: center;\">\u00a0<strong>Produto chave na m\u00e3o<\/strong><\/h6>\n<p style=\"font-weight: 400; text-align: center;\">A nossa pan\u00f3plia de parceiros permite-nos oferecer um servi\u00e7o completo, que vai desde os levantamentos necess\u00e1rios, passando pelos projetos de arquitetura e especialidades, at\u00e9 ao \u00faltimo dia da obra.<\/p>\n<p>[\/vc_column_text][\/vc_column_inner][vc_column_inner width=&#8221;1\/3&#8243; css=&#8221;.vc_custom_1659990204340{padding-top: 3rem !important;padding-right: 3rem !important;padding-bottom: 3rem !important;padding-left: 3rem !important;background-color: #ffffff !important;}&#8221; offset=&#8221;vc_col-xs-12&#8243;][vc_icon type=&#8221;linecons&#8221; icon_linecons=&#8221;vc_li vc_li-bulb&#8221; color=&#8221;black&#8221; size=&#8221;xl&#8221; align=&#8221;center&#8221;][vc_column_text]<\/p>\n<h6 style=\"font-weight: 400; text-align: center;\"><strong>Experi\u00eancia e dedica\u00e7\u00e3o<\/strong><\/h6>\n<p style=\"font-weight: 400; text-align: center;\">A nossa vasta experi\u00eancia e conhecimentos possibilita-nos utilizar os recursos dispon\u00edveis de forma eficaz, para que todos os processos sejam mais c\u00e9leres e eficientes, garantindo seguran\u00e7a e comodidade aos nossos clientes.<\/p>\n<p>[\/vc_column_text][\/vc_column_inner][vc_column_inner width=&#8221;1\/3&#8243; css=&#8221;.vc_custom_1659990212752{padding-top: 3rem !important;padding-right: 3rem !important;padding-bottom: 3rem !important;padding-left: 3rem !important;background-color: #ffffff !important;}&#8221; offset=&#8221;vc_col-xs-12&#8243;][vc_icon type=&#8221;linecons&#8221; icon_linecons=&#8221;vc_li vc_li-camera&#8221; color=&#8221;black&#8221; size=&#8221;xl&#8221; align=&#8221;center&#8221;][vc_column_text]<\/p>\n<h6 style=\"font-weight: 400; text-align: center;\"><strong>Flexibilidade e criatividade<\/strong><\/h6>\n<p style=\"font-weight: 400; text-align: center;\">Ouvimos sempre as necessidades e desejos de cada cliente e respeitamos a sua vontade, aconselhando-lhe sempre das melhores solu\u00e7\u00f5es e oferecendo a nossa vis\u00e3o criativa.<\/p>\n<p>[\/vc_column_text][\/vc_column_inner][\/vc_row_inner][\/vc_column][\/vc_row][vc_row full_width=&#8221;stretch_row_content_no_spaces&#8221; css=&#8221;.vc_custom_1521113495816{padding-top: 0px !important;}&#8221;][vc_column css=&#8221;.vc_custom_1522230621826{padding-top: 0px !important;}&#8221;][vc_wrapper subtitle=&#8221;ALGUNS DOS NOSSOS&#8221; heading_size=&#8221;h2&#8243; title=&#8221;PARCEIROS E CLIENTES&#8221; title_style=&#8221;cs-heading&#8211;c-custom&#8221; image=&#8221;6446&#8243; enable_overlay=&#8221;true&#8221;][\/vc_wrapper][\/vc_column][\/vc_row][vc_row full_width=&#8221;stretch_row&#8221; css=&#8221;.vc_custom_1659990585696{padding-top: 0px !important;}&#8221;][vc_column][vc_images_carousel images=&#8221;7073,7075,7077,7079,7084,7086&#8243; img_size=&#8221;large&#8221; slides_per_view=&#8221;4&#8243; autoplay=&#8221;yes&#8221; wrap=&#8221;yes&#8221; el_class=&#8221;tracoacoriano-custom-bordered-gallery site_fixed_vc_images_carousel&#8221; css=&#8221;.vc_custom_1665500666098{padding-top: 35px !important;padding-bottom: 35px !important;}&#8221;][\/vc_column][\/vc_row][vc_row full_width=&#8221;stretch_row_content_no_spaces&#8221; css=&#8221;.vc_custom_1521187575782{padding-top: 0px !important;}&#8221;][vc_column][vc_wrapper subtitle=&#8221;Artigos do&#8221; heading_size=&#8221;h2&#8243; title=&#8221;BLOG&#8221; title_style=&#8221;cs-heading&#8211;c-custom&#8221; image=&#8221;6230&#8243; enable_overlay=&#8221;true&#8221;][\/vc_wrapper][\/vc_column][\/vc_row][vc_row full_width=&#8221;stretch_row&#8221; desctop_pt=&#8221;padding-lg-70t&#8221; desctop_pb=&#8221;padding-lg-115b&#8221; tablets_pb=&#8221;padding-sm-70b&#8221; css=&#8221;.vc_custom_1659991730468{padding-bottom: 0px !important;background-color: #eef1f2 !important;}&#8221;][vc_column][vc_basic_grid post_type=&#8221;post&#8221; max_items=&#8221;3&#8243; item=&#8221;5892&#8243; grid_id=&#8221;vc_gid:1720176736581-3d897a77c1bed9d5805f1c77ebe5ef8e-0&#8243;][\/vc_column][\/vc_row][vc_row desctop_pt=&#8221;padding-lg-65t&#8221; desctop_pb=&#8221;padding-lg-80b&#8221; tablets_pb=&#8221;padding-sm-55b&#8221;][vc_column width=&#8221;2\/3&#8243; css=&#8221;.vc_custom_1521111848569{padding-top: 0px !important;}&#8221; offset=&#8221;vc_col-md-offset-0 vc_col-md-6 vc_col-sm-offset-2&#8243;][vc_headings subtitle=&#8221;CONTACTOS&#8221; heading_style=&#8221;cs-heading&#8211;modern&#8221; heading_size=&#8221;h3&#8243; title=&#8221;Tem alguma quest\u00e3o? Contacte-nos j\u00e1.&#8221;]Todos os seus sonhos est\u00e3o t\u00e3o perto de se tornar realidade! Fale connosco, pe\u00e7a-nos um or\u00e7amento gratuito e prepare-se para viver num dos locais mais bonitos do mundo!<\/p>\n<p>Estamos \u00e0 sua espera.[\/vc_headings][vc_row_inner large_desctop_pt=&#8221;padding-lg-20t&#8221;][vc_column_inner css=&#8221;.vc_custom_1516537925586{padding-top: 0px !important;}&#8221;][vc_address list_address=&#8221;%5B%7B%22simple_title%22%3A%22MORADA%22%2C%22text_type%22%3A%22text%22%2C%22simple_text%22%3A%22Rua%20das%20Vinhas%20de%20Dentro%20n.%C2%BA%2011%209800-423%20Urzelina%2C%20Velas%22%7D%2C%7B%22simple_title%22%3A%22TELEM%C3%93VEL%22%2C%22text_type%22%3A%22link%22%2C%22url_text%22%3A%22url%3Atel%253A%252B351%2520924%2520403%2520920%7Ctitle%3A924%2520403%2520920%22%7D%2C%7B%22simple_title%22%3A%22EMAIL%22%2C%22text_type%22%3A%22link%22%2C%22url_text%22%3A%22url%3Amailto%253Ageral%2540tracoacoriano.com%7Ctitle%3Ageral%2540tracoacoriano.com%22%7D%5D&#8221;][\/vc_address][\/vc_column_inner][\/vc_row_inner][\/vc_column][vc_column width=&#8221;2\/3&#8243; desctop_pt=&#8221;padding-lg-50t&#8221; offset=&#8221;vc_col-md-offset-1 vc_col-md-5 vc_col-sm-offset-2&#8243; css=&#8221;.vc_custom_1521111857939{padding-top: 0px !important;}&#8221;]<div role=\"form\" class=\"wpcf7\" id=\"wpcf7-f5971-o1\" lang=\"pt-PT\" dir=\"ltr\">\n<div class=\"screen-reader-response\"><p role=\"status\" aria-live=\"polite\" aria-atomic=\"true\"><\/p> <ul><\/ul><\/div>\n<form action=\"\/de\/wp-json\/wp\/v2\/pages\/7098#wpcf7-f5971-o1\" method=\"post\" class=\"wpcf7-form init\" novalidate=\"novalidate\" data-status=\"init\">\n<div style=\"display: none;\">\n<input type=\"hidden\" name=\"_wpcf7\" value=\"5971\" \/>\n<input type=\"hidden\" name=\"_wpcf7_version\" value=\"5.5.6.1\" \/>\n<input type=\"hidden\" name=\"_wpcf7_locale\" value=\"pt_PT\" \/>\n<input type=\"hidden\" name=\"_wpcf7_unit_tag\" value=\"wpcf7-f5971-o1\" \/>\n<input type=\"hidden\" name=\"_wpcf7_container_post\" value=\"0\" \/>\n<input type=\"hidden\" name=\"_wpcf7_posted_data_hash\" value=\"\" \/>\n<input type=\"hidden\" name=\"_wpcf7_recaptcha_response\" value=\"\" \/>\n<\/div>\n<div class=\"form contact-form cs-form\">\n<div class=\"row\">\n<div class=\"col-md-6 col-sm-6\">\n      <label for=\"person-name\">Nome <span>*<\/span><\/label><span class=\"wpcf7-form-control-wrap your-nome\"><input type=\"text\" name=\"your-nome\" value=\"\" size=\"40\" class=\"wpcf7-form-control wpcf7-text wpcf7-validates-as-required\" id=\"person-name\" aria-required=\"true\" aria-invalid=\"false\" \/><\/span>\n   <\/div>\n<div class=\"col-md-6 col-sm-6\">\n      <label for=\"person-number\">Telem\u00f3vel <span>*<\/span><\/label><span class=\"wpcf7-form-control-wrap your-telemovel\"><input type=\"number\" name=\"your-telemovel\" value=\"\" class=\"wpcf7-form-control wpcf7-number wpcf7-validates-as-required wpcf7-validates-as-number\" id=\"person-number\" aria-required=\"true\" aria-invalid=\"false\" \/><\/span>\n   <\/div>\n<div class=\"col-sm-12\">\n      <label for=\"person-email\">Email <span>*<\/span><\/label><span class=\"wpcf7-form-control-wrap your-email\"><input type=\"email\" name=\"your-email\" value=\"\" size=\"40\" class=\"wpcf7-form-control wpcf7-text wpcf7-email wpcf7-validates-as-required wpcf7-validates-as-email\" id=\"person-email\" aria-required=\"true\" aria-invalid=\"false\" \/><\/span>\n   <\/div>\n<div class=\"col-sm-12\">\n      <label for=\"person-massage\">Mensagem <span>*<\/span><\/label><span class=\"wpcf7-form-control-wrap your-mensagem\"><textarea name=\"your-mensagem\" cols=\"40\" rows=\"10\" class=\"wpcf7-form-control wpcf7-textarea wpcf7-validates-as-required\" id=\"person-massage\" aria-required=\"true\" aria-invalid=\"false\"><\/textarea><\/span>\n   <\/div>\n<div class=\"col-sm-12\">\n      <label><span class=\"wpcf7-form-control-wrap acceptance-conditions\"><span class=\"wpcf7-form-control wpcf7-acceptance\"><span class=\"wpcf7-list-item\"><input type=\"checkbox\" name=\"acceptance-conditions\" value=\"1\" aria-invalid=\"false\" \/><\/span><\/span><\/span> <span class=\"tracoacoriano-custom-form-acceptance-conditions-text-wrappper\"><span>Ich habe gelesen und akzeptiert<\/span><span> die <a href=\"https:\/\/tracoacoriano.com\/termos-e-condicoes\/\" target=\"_blank\">Termos e Condi\u00e7\u00f5es<\/a><\/span><span> und<\/span><span> die <a href=\"https:\/\/tracoacoriano.com\/de\/datenschutzpolitik\/\" target=\"_blank\">Datenschutzpolitik<\/a><\/span><\/span><\/label>\n   <\/div>\n<\/div>\n<div class=\"cs-form-submit cs-form-submit--center\">\n   <input type=\"submit\" value=\"ENVIAR\" class=\"wpcf7-form-control has-spinner wpcf7-submit\" \/>\n<\/div>\n<\/div>\n<div class=\"wpcf7-response-output\" aria-hidden=\"true\"><\/div><\/form><\/div>[\/vc_column][\/vc_row]<\/p>\n","protected":false},"excerpt":{"rendered":"<p>[vc_row full_width=&#8221;stretch_row_content_no_spaces&#8221;][vc_column][vc_banner_title img=&#8221;6382&#8243; enable_fullheight=&#8221;true&#8221; enable_arrow_down=&#8221;true&#8221; columns=&#8221;%5B%7B%22text_type%22%3A%22text%22%7D%5D&#8221;][\/vc_column][\/vc_row][vc_row full_width=&#8221;stretch_row&#8221; desctop_pt=&#8221;padding-lg-110t&#8221; desctop_pb=&#8221;padding-lg-110b&#8221; tablets_pt=&#8221;padding-sm-70t&#8221; tablets_pb=&#8221;padding-sm-70b&#8221; css=&#8221;.vc_custom_1521110762737{background-color: #eef1f2 !important;}&#8221;][vc_column css=&#8221;.vc_custom_1521111594916{padding-top: 0px !important;}&#8221;][vc_row_inner equal_height=&#8221;yes&#8221; content_placement=&#8221;middle&#8221;][vc_column_inner width=&#8221;1\/2&#8243;][vc_single_image&#8230;<\/p>\n","protected":false},"author":1,"featured_media":6989,"parent":0,"menu_order":0,"comment_status":"closed","ping_status":"closed","template":"","meta":[],"acf":[],"yoast_head":"<!-- This site is optimized with the Yoast SEO plugin v18.4.1 - https:\/\/yoast.com\/wordpress\/plugins\/seo\/ -->\n<title>Home | Tra\u00e7o A\u00e7oriano - A Sua Casa de Sonho Est\u00e1 nas Nossas M\u00e3os!<\/title>\n<meta name=\"description\" content=\"Sonha com uma casa moderna, adaptada a todas as suas condi\u00e7\u00f5es de vida? No Tra\u00e7o A\u00e7oriano tornamos tudo realidade!\" \/>\n<meta name=\"robots\" content=\"index, follow, max-snippet:-1, max-image-preview:large, max-video-preview:-1\" \/>\n<link rel=\"canonical\" href=\"https:\/\/tracoacoriano.com\/\" \/>\n<meta property=\"og:locale\" content=\"de_DE\" \/>\n<meta property=\"og:type\" content=\"article\" \/>\n<meta property=\"og:title\" content=\"Home | Tra\u00e7o A\u00e7oriano - A Sua Casa de Sonho Est\u00e1 nas Nossas M\u00e3os!\" \/>\n<meta property=\"og:description\" content=\"Sonha com uma casa moderna, adaptada a todas as suas condi\u00e7\u00f5es de vida? No Tra\u00e7o A\u00e7oriano tornamos tudo realidade!\" \/>\n<meta property=\"og:url\" content=\"https:\/\/tracoacoriano.com\/\" \/>\n<meta property=\"og:site_name\" content=\"Tra\u00e7o A\u00e7oriano\" \/>\n<meta property=\"article:modified_time\" content=\"2024-07-05T10:52:44+00:00\" \/>\n<meta property=\"og:image\" content=\"https:\/\/tracoacoriano.com\/wp-content\/uploads\/2022\/10\/DSC06982-scaled.jpg\" \/>\n\t<meta property=\"og:image:width\" content=\"2560\" \/>\n\t<meta property=\"og:image:height\" content=\"1706\" \/>\n\t<meta property=\"og:image:type\" content=\"image\/jpeg\" \/>\n<meta name=\"twitter:card\" content=\"summary_large_image\" \/>\n<meta name=\"twitter:label1\" content=\"Gesch\u00e4tzte Lesezeit\" \/>\n\t<meta name=\"twitter:data1\" content=\"3 Minuten\" \/>\n<script type=\"application\/ld+json\" class=\"yoast-schema-graph\">{\"@context\":\"https:\/\/schema.org\",\"@graph\":[{\"@type\":\"WebSite\",\"@id\":\"https:\/\/tracoacoriano.com\/#website\",\"url\":\"https:\/\/tracoacoriano.com\/\",\"name\":\"Tra\u00e7o A\u00e7oriano\",\"description\":\"\",\"potentialAction\":[{\"@type\":\"SearchAction\",\"target\":{\"@type\":\"EntryPoint\",\"urlTemplate\":\"https:\/\/tracoacoriano.com\/?s={search_term_string}\"},\"query-input\":\"required name=search_term_string\"}],\"inLanguage\":\"de-DE\"},{\"@type\":\"ImageObject\",\"@id\":\"https:\/\/tracoacoriano.com\/#primaryimage\",\"inLanguage\":\"de-DE\",\"url\":\"https:\/\/tracoacoriano.com\/wp-content\/uploads\/2022\/10\/DSC06982-scaled.jpg\",\"contentUrl\":\"https:\/\/tracoacoriano.com\/wp-content\/uploads\/2022\/10\/DSC06982-scaled.jpg\",\"width\":2560,\"height\":1706},{\"@type\":\"WebPage\",\"@id\":\"https:\/\/tracoacoriano.com\/#webpage\",\"url\":\"https:\/\/tracoacoriano.com\/\",\"name\":\"Home | Tra\u00e7o A\u00e7oriano - A Sua Casa de Sonho Est\u00e1 nas Nossas M\u00e3os!\",\"isPartOf\":{\"@id\":\"https:\/\/tracoacoriano.com\/#website\"},\"primaryImageOfPage\":{\"@id\":\"https:\/\/tracoacoriano.com\/#primaryimage\"},\"datePublished\":\"2017-02-01T13:12:22+00:00\",\"dateModified\":\"2024-07-05T10:52:44+00:00\",\"description\":\"Sonha com uma casa moderna, adaptada a todas as suas condi\u00e7\u00f5es de vida? No Tra\u00e7o A\u00e7oriano tornamos tudo realidade!\",\"breadcrumb\":{\"@id\":\"https:\/\/tracoacoriano.com\/#breadcrumb\"},\"inLanguage\":\"de-DE\",\"potentialAction\":[{\"@type\":\"ReadAction\",\"target\":[\"https:\/\/tracoacoriano.com\/\"]}]},{\"@type\":\"BreadcrumbList\",\"@id\":\"https:\/\/tracoacoriano.com\/#breadcrumb\",\"itemListElement\":[{\"@type\":\"ListItem\",\"position\":1,\"name\":\"Home\",\"item\":\"https:\/\/tracoacoriano.com\/\"},{\"@type\":\"ListItem\",\"position\":2,\"name\":\"Home\"}]}]}<\/script>\n<!-- \/ Yoast SEO plugin. -->","yoast_head_json":{"title":"Home | Tra\u00e7o A\u00e7oriano - A Sua Casa de Sonho Est\u00e1 nas Nossas M\u00e3os!","description":"Sonha com uma casa moderna, adaptada a todas as suas condi\u00e7\u00f5es de vida? No Tra\u00e7o A\u00e7oriano tornamos tudo realidade!","robots":{"index":"index","follow":"follow","max-snippet":"max-snippet:-1","max-image-preview":"max-image-preview:large","max-video-preview":"max-video-preview:-1"},"canonical":"https:\/\/tracoacoriano.com\/","og_locale":"de_DE","og_type":"article","og_title":"Home | Tra\u00e7o A\u00e7oriano - A Sua Casa de Sonho Est\u00e1 nas Nossas M\u00e3os!","og_description":"Sonha com uma casa moderna, adaptada a todas as suas condi\u00e7\u00f5es de vida? No Tra\u00e7o A\u00e7oriano tornamos tudo realidade!","og_url":"https:\/\/tracoacoriano.com\/","og_site_name":"Tra\u00e7o A\u00e7oriano","article_modified_time":"2024-07-05T10:52:44+00:00","og_image":[{"width":2560,"height":1706,"url":"https:\/\/tracoacoriano.com\/wp-content\/uploads\/2022\/10\/DSC06982-scaled.jpg","type":"image\/jpeg"}],"twitter_card":"summary_large_image","twitter_misc":{"Gesch\u00e4tzte Lesezeit":"3 Minuten"},"schema":{"@context":"https:\/\/schema.org","@graph":[{"@type":"WebSite","@id":"https:\/\/tracoacoriano.com\/#website","url":"https:\/\/tracoacoriano.com\/","name":"Tra\u00e7o A\u00e7oriano","description":"","potentialAction":[{"@type":"SearchAction","target":{"@type":"EntryPoint","urlTemplate":"https:\/\/tracoacoriano.com\/?s={search_term_string}"},"query-input":"required name=search_term_string"}],"inLanguage":"de-DE"},{"@type":"ImageObject","@id":"https:\/\/tracoacoriano.com\/#primaryimage","inLanguage":"de-DE","url":"https:\/\/tracoacoriano.com\/wp-content\/uploads\/2022\/10\/DSC06982-scaled.jpg","contentUrl":"https:\/\/tracoacoriano.com\/wp-content\/uploads\/2022\/10\/DSC06982-scaled.jpg","width":2560,"height":1706},{"@type":"WebPage","@id":"https:\/\/tracoacoriano.com\/#webpage","url":"https:\/\/tracoacoriano.com\/","name":"Home | Tra\u00e7o A\u00e7oriano - A Sua Casa de Sonho Est\u00e1 nas Nossas M\u00e3os!","isPartOf":{"@id":"https:\/\/tracoacoriano.com\/#website"},"primaryImageOfPage":{"@id":"https:\/\/tracoacoriano.com\/#primaryimage"},"datePublished":"2017-02-01T13:12:22+00:00","dateModified":"2024-07-05T10:52:44+00:00","description":"Sonha com uma casa moderna, adaptada a todas as suas condi\u00e7\u00f5es de vida? No Tra\u00e7o A\u00e7oriano tornamos tudo realidade!","breadcrumb":{"@id":"https:\/\/tracoacoriano.com\/#breadcrumb"},"inLanguage":"de-DE","potentialAction":[{"@type":"ReadAction","target":["https:\/\/tracoacoriano.com\/"]}]},{"@type":"BreadcrumbList","@id":"https:\/\/tracoacoriano.com\/#breadcrumb","itemListElement":[{"@type":"ListItem","position":1,"name":"Home","item":"https:\/\/tracoacoriano.com\/"},{"@type":"ListItem","position":2,"name":"Home"}]}]}},"featured_image_src":"https:\/\/tracoacoriano.com\/wp-content\/uploads\/2022\/10\/DSC06982-600x400.jpg","featured_image_src_square":"https:\/\/tracoacoriano.com\/wp-content\/uploads\/2022\/10\/DSC06982-600x600.jpg","_links":{"self":[{"href":"https:\/\/tracoacoriano.com\/de\/wp-json\/wp\/v2\/pages\/7098"}],"collection":[{"href":"https:\/\/tracoacoriano.com\/de\/wp-json\/wp\/v2\/pages"}],"about":[{"href":"https:\/\/tracoacoriano.com\/de\/wp-json\/wp\/v2\/types\/page"}],"author":[{"embeddable":true,"href":"https:\/\/tracoacoriano.com\/de\/wp-json\/wp\/v2\/users\/1"}],"replies":[{"embeddable":true,"href":"https:\/\/tracoacoriano.com\/de\/wp-json\/wp\/v2\/comments?post=7098"}],"version-history":[{"count":3,"href":"https:\/\/tracoacoriano.com\/de\/wp-json\/wp\/v2\/pages\/7098\/revisions"}],"predecessor-version":[{"id":7164,"href":"https:\/\/tracoacoriano.com\/de\/wp-json\/wp\/v2\/pages\/7098\/revisions\/7164"}],"wp:featuredmedia":[{"embeddable":true,"href":"https:\/\/tracoacoriano.com\/de\/wp-json\/wp\/v2\/media\/6989"}],"wp:attachment":[{"href":"https:\/\/tracoacoriano.com\/de\/wp-json\/wp\/v2\/media?parent=7098"}],"curies":[{"name":"wp","href":"https:\/\/api.w.org\/{rel}","templated":true}]}}