{"id":7092,"date":"2017-01-03T16:40:21","date_gmt":"2017-01-03T16:40:21","guid":{"rendered":"https:\/\/tracoacoriano.com\/contactos-sao-jorge-acores\/"},"modified":"2024-07-01T15:58:27","modified_gmt":"2024-07-01T15:58:27","slug":"kontaktaufnahme","status":"publish","type":"page","link":"https:\/\/tracoacoriano.com\/de\/kontaktaufnahme\/","title":{"rendered":"Kontaktaufnahme"},"content":{"rendered":"<p>[vc_row][vc_column][vc_empty_space height=&#8221;2rem&#8221;][\/vc_column][\/vc_row][vc_row full_width=&#8221;stretch_row&#8221; full_height=&#8221;yes&#8221; equal_height=&#8221;yes&#8221; content_placement=&#8221;middle&#8221; css_animation=&#8221;none&#8221; desctop_pt=&#8221;padding-lg-105t&#8221; desctop_pb=&#8221;padding-lg-75b&#8221; tablets_pt=&#8221;padding-sm-70t&#8221; tablets_pb=&#8221;padding-sm-50b&#8221; el_class=&#8221;cs-half-bg tracoacoriano-contactos-row&#8221;][vc_column css_animation=&#8221;none&#8221; width=&#8221;2\/3&#8243; offset=&#8221;vc_col-md-offset-0 vc_col-md-6 vc_col-sm-offset-2&#8243;][vc_row_inner][vc_column_inner offset=&#8221;vc_col-md-11&#8243;][vc_headings heading_style=&#8221;cs-heading&#8211;modern&#8221; heading_size=&#8221;h3&#8243; title=&#8221;Como nos encontrar&#8221;][\/vc_headings][vc_empty_space][vc_text_separator title=&#8221;OS NOSSOS CONTACTOS&#8221; title_align=&#8221;separator_align_left&#8221; align=&#8221;align_right&#8221; color=&#8221;black&#8221;][vc_column_text]N\u00e3o hesite em falar connosco!<\/p>\n<p>Prepare-se: a sua casa de sonhos est\u00e1 agora mais perto do que nunca. Na Tra\u00e7o A\u00e7oriano, estamos aqui para si.[\/vc_column_text][\/vc_column_inner][\/vc_row_inner][vc_row_inner large_desctop_mt=&#8221;margin-lg-25t&#8221;][vc_column_inner][vc_address el_class=&#8221;tracoacoriano-contactos-details-element&#8221; list_address=&#8221;%5B%7B%22icon%22%3A%22fas%20fa-envelope-open%22%2C%22text_type%22%3A%22link%22%2C%22url_text%22%3A%22url%3Amailto%253Ageral%2540tracoacoriano.com%7Ctitle%3Ageral%2540tracoacoriano.com%22%7D%2C%7B%22icon%22%3A%22fas%20fa-phone%22%2C%22text_type%22%3A%22link%22%2C%22url_text%22%3A%22url%3Atel%253A%252B351924403920%7Ctitle%3A924%2520403%2520920%22%7D%2C%7B%22icon%22%3A%22fas%20fa-map-marker-alt%22%2C%22text_type%22%3A%22text%22%2C%22simple_text%22%3A%22Rua%20das%20Vinhas%20de%20Dentro%20n.%C2%BA%2011%209800-423%20Urzelina%2C%20Velas%22%7D%5D&#8221;][\/vc_address][\/vc_column_inner][\/vc_row_inner][vc_row_inner][vc_column_inner][vc_empty_space][vc_headings heading_size=&#8221;h6&#8243; title=&#8221;REDES SOCIAIS&#8221;][\/vc_headings][vc_empty_space height=&#8221;16px&#8221;][vc_column_text]<div class=\"tracoacoriano-custom-redes-sociais-wrapper\"><div class=\"tracoacoriano-custom-redes-sociais-item\"><a class=\"tracoacoriano-custom-redes-sociais-item-link\" target=\"_blank\" href=\"https:\/\/www.facebook.com\/tracoacoriano\"><i class=\"fa fa-facebook\"><\/i><\/a><\/div><div class=\"tracoacoriano-custom-redes-sociais-item\"><a class=\"tracoacoriano-custom-redes-sociais-item-link\" target=\"_blank\" href=\"https:\/\/twitter.com\/tracoacoriano\"><i class=\"fa fa-twitter\"><\/i><\/a><\/div><div class=\"tracoacoriano-custom-redes-sociais-item\"><a class=\"tracoacoriano-custom-redes-sociais-item-link\" target=\"_blank\" href=\"https:\/\/www.youtube.com\/channel\/UCNfWALn4FNnI9SbU-zpjP9w\"><i class=\"fa fa-youtube-play\"><\/i><\/a><\/div><div class=\"tracoacoriano-custom-redes-sociais-item\"><a class=\"tracoacoriano-custom-redes-sociais-item-link\" target=\"_blank\" href=\"https:\/\/www.instagram.com\/tracoacoriano\/\"><i class=\"fa fa-instagram\"><\/i><\/a><\/div><\/div>[\/vc_column_text][\/vc_column_inner][\/vc_row_inner][\/vc_column][vc_column css_animation=&#8221;none&#8221; width=&#8221;2\/3&#8243; tablets_mt=&#8221;margin-sm-30t&#8221; offset=&#8221;vc_col-md-offset-0 vc_col-md-6 vc_col-sm-offset-2&#8243;][vc_row_inner el_class=&#8221;tracoacoriano-contactos-form-inner-row&#8221;][vc_column_inner el_class=&#8221;tracoacoriano-contactos-form-inner-column&#8221; offset=&#8221;vc_col-md-offset-1 vc_col-md-11&#8243;]<div role=\"form\" class=\"wpcf7\" id=\"wpcf7-f5965-o1\" lang=\"pt-PT\" dir=\"ltr\">\n<div class=\"screen-reader-response\"><p role=\"status\" aria-live=\"polite\" aria-atomic=\"true\"><\/p> <ul><\/ul><\/div>\n<form action=\"\/de\/wp-json\/wp\/v2\/pages\/7092#wpcf7-f5965-o1\" method=\"post\" class=\"wpcf7-form init\" novalidate=\"novalidate\" data-status=\"init\">\n<div style=\"display: none;\">\n<input type=\"hidden\" name=\"_wpcf7\" value=\"5965\" \/>\n<input type=\"hidden\" name=\"_wpcf7_version\" value=\"5.5.6.1\" \/>\n<input type=\"hidden\" name=\"_wpcf7_locale\" value=\"pt_PT\" \/>\n<input type=\"hidden\" name=\"_wpcf7_unit_tag\" value=\"wpcf7-f5965-o1\" \/>\n<input type=\"hidden\" name=\"_wpcf7_container_post\" value=\"0\" \/>\n<input type=\"hidden\" name=\"_wpcf7_posted_data_hash\" value=\"\" \/>\n<input type=\"hidden\" name=\"_wpcf7_recaptcha_response\" value=\"\" \/>\n<\/div>\n<div class=\"form contact-form cs-form cs-form--width cs-form--white\">\n<div class=\"row\">\n<div class=\"col-sm-12\">\n<label for=\"your-nome\">Nome <span>*<\/span><\/label><span class=\"wpcf7-form-control-wrap your-nome\"><input type=\"text\" name=\"your-nome\" value=\"\" size=\"40\" class=\"wpcf7-form-control wpcf7-text wpcf7-validates-as-required\" id=\"your-nome\" aria-required=\"true\" aria-invalid=\"false\" \/><\/span>\n<\/div>\n<div class=\"col-sm-12\">\n<label for=\"your-email\">Email <span>*<\/span><\/label><span class=\"wpcf7-form-control-wrap your-email\"><input type=\"email\" name=\"your-email\" value=\"\" size=\"40\" class=\"wpcf7-form-control wpcf7-text wpcf7-email wpcf7-validates-as-required wpcf7-validates-as-email\" id=\"your-email\" aria-required=\"true\" aria-invalid=\"false\" \/><\/span>\n<\/div>\n<div class=\"col-sm-12\">\n<label for=\"your-telemovel\">Telem\u00f3vel <span>*<\/span><\/label><span class=\"wpcf7-form-control-wrap your-telemovel\"><input type=\"number\" name=\"your-telemovel\" value=\"\" class=\"wpcf7-form-control wpcf7-number wpcf7-validates-as-required wpcf7-validates-as-number\" id=\"your-telemovel\" aria-required=\"true\" aria-invalid=\"false\" \/><\/span>\n<\/div>\n<div class=\"col-sm-12\">\n<label for=\"your-mensagem\">Mensagem <span>*<\/span><\/label><span class=\"wpcf7-form-control-wrap your-mensagem\"><textarea name=\"your-mensagem\" cols=\"40\" rows=\"10\" class=\"wpcf7-form-control wpcf7-textarea wpcf7-validates-as-required\" id=\"your-mensagem\" aria-required=\"true\" aria-invalid=\"false\"><\/textarea><\/span>\n<\/div>\n<div class=\"col-sm-12\">\n<label><span class=\"wpcf7-form-control-wrap acceptance-conditions\"><span class=\"wpcf7-form-control wpcf7-acceptance\"><span class=\"wpcf7-list-item\"><input type=\"checkbox\" name=\"acceptance-conditions\" value=\"1\" aria-invalid=\"false\" \/><\/span><\/span><\/span> <span class=\"tracoacoriano-custom-form-acceptance-conditions-text-wrappper\"><span>Ich habe gelesen und akzeptiert<\/span><span> die <a href=\"https:\/\/tracoacoriano.com\/termos-e-condicoes\/\" target=\"_blank\">Termos e Condi\u00e7\u00f5es<\/a><\/span><span> und<\/span><span> die <a href=\"https:\/\/tracoacoriano.com\/de\/datenschutzpolitik\/\" target=\"_blank\">Datenschutzpolitik<\/a><\/span><\/span><\/label>\n<\/div>\n<\/div>\n<div class=\"cs-form-submit cs-form-submit--center\">\n<input type=\"submit\" value=\"ENVIAR MENSAGEM\" class=\"wpcf7-form-control has-spinner wpcf7-submit\" \/>\n<\/div>\n<\/div>\n<div class=\"wpcf7-response-output\" aria-hidden=\"true\"><\/div><\/form><\/div>[\/vc_column_inner][\/vc_row_inner][\/vc_column][\/vc_row][vc_row][vc_column][vc_empty_space height=&#8221;2rem&#8221;][\/vc_column][\/vc_row]<\/p>\n","protected":false},"excerpt":{"rendered":"<p>[vc_row][vc_column][vc_empty_space height=&#8221;2rem&#8221;][\/vc_column][\/vc_row][vc_row full_width=&#8221;stretch_row&#8221; full_height=&#8221;yes&#8221; equal_height=&#8221;yes&#8221; content_placement=&#8221;middle&#8221; css_animation=&#8221;none&#8221; desctop_pt=&#8221;padding-lg-105t&#8221; desctop_pb=&#8221;padding-lg-75b&#8221; tablets_pt=&#8221;padding-sm-70t&#8221; tablets_pb=&#8221;padding-sm-50b&#8221; el_class=&#8221;cs-half-bg tracoacoriano-contactos-row&#8221;][vc_column css_animation=&#8221;none&#8221; width=&#8221;2\/3&#8243; offset=&#8221;vc_col-md-offset-0 vc_col-md-6 vc_col-sm-offset-2&#8243;][vc_row_inner][vc_column_inner offset=&#8221;vc_col-md-11&#8243;][vc_headings heading_style=&#8221;cs-heading&#8211;modern&#8221;&#8230;<\/p>\n","protected":false},"author":1,"featured_media":6903,"parent":0,"menu_order":0,"comment_status":"closed","ping_status":"closed","template":"","meta":[],"acf":[],"yoast_head":"<!-- This site is optimized with the Yoast SEO plugin v18.4.1 - https:\/\/yoast.com\/wordpress\/plugins\/seo\/ -->\n<title>Construa a sua Casa de Sonho com a Tra\u00e7o A\u00e7oriano | S\u00e3o Jorge A\u00e7ores<\/title>\n<meta name=\"description\" content=\"A sua casa de sonho est\u00e1 \u00e0 sua espera! Invista no futuro, invista em S\u00e3o Jorge, A\u00e7ores, e prepare-se para ser feliz!\" \/>\n<meta name=\"robots\" content=\"index, follow, max-snippet:-1, max-image-preview:large, max-video-preview:-1\" \/>\n<link rel=\"canonical\" href=\"https:\/\/tracoacoriano.com\/de\/kontaktaufnahme\/\" \/>\n<meta property=\"og:locale\" content=\"de_DE\" \/>\n<meta property=\"og:type\" content=\"article\" \/>\n<meta property=\"og:title\" content=\"Construa a sua Casa de Sonho com a Tra\u00e7o A\u00e7oriano | S\u00e3o Jorge A\u00e7ores\" \/>\n<meta property=\"og:description\" content=\"A sua casa de sonho est\u00e1 \u00e0 sua espera! Invista no futuro, invista em S\u00e3o Jorge, A\u00e7ores, e prepare-se para ser feliz!\" \/>\n<meta property=\"og:url\" content=\"https:\/\/tracoacoriano.com\/de\/kontaktaufnahme\/\" \/>\n<meta property=\"og:site_name\" content=\"Tra\u00e7o A\u00e7oriano\" \/>\n<meta property=\"article:modified_time\" content=\"2024-07-01T15:58:27+00:00\" \/>\n<meta property=\"og:image\" content=\"https:\/\/tracoacoriano.com\/wp-content\/uploads\/2022\/10\/DSC06710-scaled.jpg\" \/>\n\t<meta property=\"og:image:width\" content=\"2560\" \/>\n\t<meta property=\"og:image:height\" content=\"1706\" \/>\n\t<meta property=\"og:image:type\" content=\"image\/jpeg\" \/>\n<meta name=\"twitter:card\" content=\"summary_large_image\" \/>\n<meta name=\"twitter:label1\" content=\"Gesch\u00e4tzte Lesezeit\" \/>\n\t<meta name=\"twitter:data1\" content=\"1 Minute\" \/>\n<script type=\"application\/ld+json\" class=\"yoast-schema-graph\">{\"@context\":\"https:\/\/schema.org\",\"@graph\":[{\"@type\":\"WebSite\",\"@id\":\"https:\/\/tracoacoriano.com\/#website\",\"url\":\"https:\/\/tracoacoriano.com\/\",\"name\":\"Tra\u00e7o A\u00e7oriano\",\"description\":\"\",\"potentialAction\":[{\"@type\":\"SearchAction\",\"target\":{\"@type\":\"EntryPoint\",\"urlTemplate\":\"https:\/\/tracoacoriano.com\/?s={search_term_string}\"},\"query-input\":\"required name=search_term_string\"}],\"inLanguage\":\"de-DE\"},{\"@type\":\"ImageObject\",\"@id\":\"https:\/\/tracoacoriano.com\/de\/kontaktaufnahme\/#primaryimage\",\"inLanguage\":\"de-DE\",\"url\":\"https:\/\/tracoacoriano.com\/wp-content\/uploads\/2022\/10\/DSC06710-scaled.jpg\",\"contentUrl\":\"https:\/\/tracoacoriano.com\/wp-content\/uploads\/2022\/10\/DSC06710-scaled.jpg\",\"width\":2560,\"height\":1706},{\"@type\":\"WebPage\",\"@id\":\"https:\/\/tracoacoriano.com\/de\/kontaktaufnahme\/#webpage\",\"url\":\"https:\/\/tracoacoriano.com\/de\/kontaktaufnahme\/\",\"name\":\"Construa a sua Casa de Sonho com a Tra\u00e7o A\u00e7oriano | S\u00e3o Jorge A\u00e7ores\",\"isPartOf\":{\"@id\":\"https:\/\/tracoacoriano.com\/#website\"},\"primaryImageOfPage\":{\"@id\":\"https:\/\/tracoacoriano.com\/de\/kontaktaufnahme\/#primaryimage\"},\"datePublished\":\"2017-01-03T16:40:21+00:00\",\"dateModified\":\"2024-07-01T15:58:27+00:00\",\"description\":\"A sua casa de sonho est\u00e1 \u00e0 sua espera! Invista no futuro, invista em S\u00e3o Jorge, A\u00e7ores, e prepare-se para ser feliz!\",\"breadcrumb\":{\"@id\":\"https:\/\/tracoacoriano.com\/de\/kontaktaufnahme\/#breadcrumb\"},\"inLanguage\":\"de-DE\",\"potentialAction\":[{\"@type\":\"ReadAction\",\"target\":[\"https:\/\/tracoacoriano.com\/de\/kontaktaufnahme\/\"]}]},{\"@type\":\"BreadcrumbList\",\"@id\":\"https:\/\/tracoacoriano.com\/de\/kontaktaufnahme\/#breadcrumb\",\"itemListElement\":[{\"@type\":\"ListItem\",\"position\":1,\"name\":\"Home\",\"item\":\"https:\/\/tracoacoriano.com\/\"},{\"@type\":\"ListItem\",\"position\":2,\"name\":\"Kontaktaufnahme\"}]}]}<\/script>\n<!-- \/ Yoast SEO plugin. -->","yoast_head_json":{"title":"Construa a sua Casa de Sonho com a Tra\u00e7o A\u00e7oriano | S\u00e3o Jorge A\u00e7ores","description":"A sua casa de sonho est\u00e1 \u00e0 sua espera! Invista no futuro, invista em S\u00e3o Jorge, A\u00e7ores, e prepare-se para ser feliz!","robots":{"index":"index","follow":"follow","max-snippet":"max-snippet:-1","max-image-preview":"max-image-preview:large","max-video-preview":"max-video-preview:-1"},"canonical":"https:\/\/tracoacoriano.com\/de\/kontaktaufnahme\/","og_locale":"de_DE","og_type":"article","og_title":"Construa a sua Casa de Sonho com a Tra\u00e7o A\u00e7oriano | S\u00e3o Jorge A\u00e7ores","og_description":"A sua casa de sonho est\u00e1 \u00e0 sua espera! Invista no futuro, invista em S\u00e3o Jorge, A\u00e7ores, e prepare-se para ser feliz!","og_url":"https:\/\/tracoacoriano.com\/de\/kontaktaufnahme\/","og_site_name":"Tra\u00e7o A\u00e7oriano","article_modified_time":"2024-07-01T15:58:27+00:00","og_image":[{"width":2560,"height":1706,"url":"https:\/\/tracoacoriano.com\/wp-content\/uploads\/2022\/10\/DSC06710-scaled.jpg","type":"image\/jpeg"}],"twitter_card":"summary_large_image","twitter_misc":{"Gesch\u00e4tzte Lesezeit":"1 Minute"},"schema":{"@context":"https:\/\/schema.org","@graph":[{"@type":"WebSite","@id":"https:\/\/tracoacoriano.com\/#website","url":"https:\/\/tracoacoriano.com\/","name":"Tra\u00e7o A\u00e7oriano","description":"","potentialAction":[{"@type":"SearchAction","target":{"@type":"EntryPoint","urlTemplate":"https:\/\/tracoacoriano.com\/?s={search_term_string}"},"query-input":"required name=search_term_string"}],"inLanguage":"de-DE"},{"@type":"ImageObject","@id":"https:\/\/tracoacoriano.com\/de\/kontaktaufnahme\/#primaryimage","inLanguage":"de-DE","url":"https:\/\/tracoacoriano.com\/wp-content\/uploads\/2022\/10\/DSC06710-scaled.jpg","contentUrl":"https:\/\/tracoacoriano.com\/wp-content\/uploads\/2022\/10\/DSC06710-scaled.jpg","width":2560,"height":1706},{"@type":"WebPage","@id":"https:\/\/tracoacoriano.com\/de\/kontaktaufnahme\/#webpage","url":"https:\/\/tracoacoriano.com\/de\/kontaktaufnahme\/","name":"Construa a sua Casa de Sonho com a Tra\u00e7o A\u00e7oriano | S\u00e3o Jorge A\u00e7ores","isPartOf":{"@id":"https:\/\/tracoacoriano.com\/#website"},"primaryImageOfPage":{"@id":"https:\/\/tracoacoriano.com\/de\/kontaktaufnahme\/#primaryimage"},"datePublished":"2017-01-03T16:40:21+00:00","dateModified":"2024-07-01T15:58:27+00:00","description":"A sua casa de sonho est\u00e1 \u00e0 sua espera! Invista no futuro, invista em S\u00e3o Jorge, A\u00e7ores, e prepare-se para ser feliz!","breadcrumb":{"@id":"https:\/\/tracoacoriano.com\/de\/kontaktaufnahme\/#breadcrumb"},"inLanguage":"de-DE","potentialAction":[{"@type":"ReadAction","target":["https:\/\/tracoacoriano.com\/de\/kontaktaufnahme\/"]}]},{"@type":"BreadcrumbList","@id":"https:\/\/tracoacoriano.com\/de\/kontaktaufnahme\/#breadcrumb","itemListElement":[{"@type":"ListItem","position":1,"name":"Home","item":"https:\/\/tracoacoriano.com\/"},{"@type":"ListItem","position":2,"name":"Kontaktaufnahme"}]}]}},"featured_image_src":"https:\/\/tracoacoriano.com\/wp-content\/uploads\/2022\/10\/DSC06710-600x400.jpg","featured_image_src_square":"https:\/\/tracoacoriano.com\/wp-content\/uploads\/2022\/10\/DSC06710-600x600.jpg","_links":{"self":[{"href":"https:\/\/tracoacoriano.com\/de\/wp-json\/wp\/v2\/pages\/7092"}],"collection":[{"href":"https:\/\/tracoacoriano.com\/de\/wp-json\/wp\/v2\/pages"}],"about":[{"href":"https:\/\/tracoacoriano.com\/de\/wp-json\/wp\/v2\/types\/page"}],"author":[{"embeddable":true,"href":"https:\/\/tracoacoriano.com\/de\/wp-json\/wp\/v2\/users\/1"}],"replies":[{"embeddable":true,"href":"https:\/\/tracoacoriano.com\/de\/wp-json\/wp\/v2\/comments?post=7092"}],"version-history":[{"count":3,"href":"https:\/\/tracoacoriano.com\/de\/wp-json\/wp\/v2\/pages\/7092\/revisions"}],"predecessor-version":[{"id":7158,"href":"https:\/\/tracoacoriano.com\/de\/wp-json\/wp\/v2\/pages\/7092\/revisions\/7158"}],"wp:featuredmedia":[{"embeddable":true,"href":"https:\/\/tracoacoriano.com\/de\/wp-json\/wp\/v2\/media\/6903"}],"wp:attachment":[{"href":"https:\/\/tracoacoriano.com\/de\/wp-json\/wp\/v2\/media?parent=7092"}],"curies":[{"name":"wp","href":"https:\/\/api.w.org\/{rel}","templated":true}]}}